{"id":50,"date":"2021-09-14T13:22:21","date_gmt":"2021-09-14T13:22:21","guid":{"rendered":"https:\/\/cedrospousada.com.br\/web\/?page_id=50"},"modified":"2022-05-27T12:28:34","modified_gmt":"2022-05-27T12:28:34","slug":"pets","status":"publish","type":"page","link":"https:\/\/cedrospousada.com.br\/web\/pets\/","title":{"rendered":"Pets"},"content":{"rendered":"\t\t<div data-elementor-type=\"wp-page\" data-elementor-id=\"50\" class=\"elementor elementor-50\">\n\t\t\t\t\t\t<section class=\"elementor-section elementor-top-section elementor-element elementor-element-1c8b2e25 elementor-section-boxed elementor-section-height-default elementor-section-height-default\" data-id=\"1c8b2e25\" data-element_type=\"section\">\n\t\t\t\t\t\t<div class=\"elementor-container elementor-column-gap-default\">\n\t\t\t\t\t<div class=\"elementor-column elementor-col-100 elementor-top-column elementor-element elementor-element-7f85e714\" data-id=\"7f85e714\" data-element_type=\"column\">\n\t\t\t<div class=\"elementor-widget-wrap elementor-element-populated\">\n\t\t\t\t\t\t<div class=\"elementor-element elementor-element-7dc0269d elementor-widget elementor-widget-page-title\" data-id=\"7dc0269d\" data-element_type=\"widget\" data-widget_type=\"page-title.default\">\n\t\t\t\t<div class=\"elementor-widget-container\">\n\t\t\t\t\t\t\t\n\t\t<div class=\"hfe-page-title hfe-page-title-wrapper elementor-widget-heading\">\n\n\t\t\t\t\t\t\t\t\t\t\t<a href=\"https:\/\/cedrospousada.com.br\/web\">\n\t\t\t\t\t\t<h3 class=\"elementor-heading-title elementor-size-small\">\n\t\t\t\t\t\t\t\t\n\t\t\t\tPets  \n\t\t\t<\/h3 > \n\t\t\t\t\t\t\t\t\t<\/a>\n\t\t\t\t\t<\/div>\n\t\t\t\t\t\t<\/div>\n\t\t\t\t<\/div>\n\t\t\t\t<div class=\"elementor-element elementor-element-513236b6 elementor-widget-divider--view-line elementor-widget elementor-widget-divider\" data-id=\"513236b6\" data-element_type=\"widget\" data-widget_type=\"divider.default\">\n\t\t\t\t<div class=\"elementor-widget-container\">\n\t\t\t\t\t\t\t<div class=\"elementor-divider\">\n\t\t\t<span class=\"elementor-divider-separator\">\n\t\t\t\t\t\t<\/span>\n\t\t<\/div>\n\t\t\t\t\t\t<\/div>\n\t\t\t\t<\/div>\n\t\t\t\t\t<\/div>\n\t\t<\/div>\n\t\t\t\t\t<\/div>\n\t\t<\/section>\n\t\t\t\t<section class=\"elementor-section elementor-top-section elementor-element elementor-element-465496f elementor-section-boxed elementor-section-height-default elementor-section-height-default\" data-id=\"465496f\" data-element_type=\"section\" data-settings=\"{&quot;background_background&quot;:&quot;classic&quot;}\">\n\t\t\t\t\t\t<div class=\"elementor-container elementor-column-gap-default\">\n\t\t\t\t\t<div class=\"elementor-column elementor-col-50 elementor-top-column elementor-element elementor-element-ee8f2f7\" data-id=\"ee8f2f7\" data-element_type=\"column\">\n\t\t\t<div class=\"elementor-widget-wrap\">\n\t\t\t\t\t\t\t<\/div>\n\t\t<\/div>\n\t\t\t\t<div class=\"elementor-column elementor-col-50 elementor-top-column elementor-element elementor-element-79f545a\" data-id=\"79f545a\" data-element_type=\"column\" data-settings=\"{&quot;background_background&quot;:&quot;classic&quot;}\">\n\t\t\t<div class=\"elementor-widget-wrap elementor-element-populated\">\n\t\t\t\t\t\t<div class=\"elementor-element elementor-element-12b4230 elementor-widget elementor-widget-heading\" data-id=\"12b4230\" data-element_type=\"widget\" data-widget_type=\"heading.default\">\n\t\t\t\t<div class=\"elementor-widget-container\">\n\t\t\t\t\t<div class=\"elementor-heading-title elementor-size-default\">Regras gerais<\/div>\t\t\t\t<\/div>\n\t\t\t\t<\/div>\n\t\t\t\t<div class=\"elementor-element elementor-element-67dcbe1 elementor-widget elementor-widget-heading\" data-id=\"67dcbe1\" data-element_type=\"widget\" data-widget_type=\"heading.default\">\n\t\t\t\t<div class=\"elementor-widget-container\">\n\t\t\t\t\t<h2 class=\"elementor-heading-title elementor-size-default\">Hospedagem pet<\/h2>\t\t\t\t<\/div>\n\t\t\t\t<\/div>\n\t\t\t\t<div class=\"elementor-element elementor-element-846fff2 elementor-widget elementor-widget-text-editor\" data-id=\"846fff2\" data-element_type=\"widget\" data-widget_type=\"text-editor.default\">\n\t\t\t\t<div class=\"elementor-widget-container\">\n\t\t\t\t\t\t\t\t\t<ol><li>Ser\u00e3o aceitos os de pequeno porte de at\u00e9 10 quilos e permitidos por lei;<\/li><li>\u00c9 permitida a hospedagem de no m\u00e1ximo 02 animais por acomoda\u00e7\u00e3o;<\/li><li>O respons\u00e1vel dever\u00e1 enviar o cart\u00e3o de vacinas atualizado no ato da reserva;<\/li><li>N\u00e3o hospedamos animais com menos de 03 meses de vida;<\/li><li>Oferecemos uma \u00e1gua mineral 1,5L e um mimo para hospedagem de seu animalzinho;<\/li><li>O respons\u00e1vel deve trazer todos os utens\u00edlios (guia, material de higiene e alimenta\u00e7\u00e3o) para seu pet;<\/li><li>O portador do animal \u00e9 tamb\u00e9m o respons\u00e1vel por qualquer dano causado na acomoda\u00e7\u00e3o e seu mobili\u00e1rio;<\/li><li>A limpeza de res\u00edduos s\u00f3lidos e l\u00edquidos \u00e9 de inteira responsabilidade do h\u00f3spede;<\/li><li>N\u00e3o \u00e9 permitido em hip\u00f3tese alguma deixar os animais sozinhos na acomoda\u00e7\u00e3o;<\/li><li>\u00a0Solicitamos que em caso de barulhos persistente e seguidos, pedimos a colabora\u00e7\u00e3o e o bom senso com a individualidade dos demais h\u00f3spedes;<\/li><li>\u00c9 permitida a entrada de seu pet na \u00e1rea de alimenta\u00e7\u00e3o desde que ele esteja dendro da caixa\/bolsa, n\u00e3o podendo circular livremente, caso o mesmo esteja causando algum incomodo pedimos usar o bom senso.<\/li><li>N\u00e3o fornecemos itens do caf\u00e9 da manh\u00e3 ou caf\u00e9 da tarde para seu pet.<\/li><li>A circula\u00e7\u00e3o do animal pelas \u00e1reas sociais \u00e9 poss\u00edvel desde que esteja com coleira, guia, no colo do respons\u00e1vel ou em caixa\/bolsa de transporte;<\/li><li>O respons\u00e1vel pelo animal dever\u00e1 preencher o termo de responsabilidade e enviar antes da chegada.<\/li><\/ol>\t\t\t\t\t\t\t\t<\/div>\n\t\t\t\t<\/div>\n\t\t\t\t<div class=\"elementor-element elementor-element-956fbf4 elementor-widget elementor-widget-heading\" data-id=\"956fbf4\" data-element_type=\"widget\" data-widget_type=\"heading.default\">\n\t\t\t\t<div class=\"elementor-widget-container\">\n\t\t\t\t\t<h2 class=\"elementor-heading-title elementor-size-large\">N\u00e3o hospedamos pets sem aviso pr\u00e9vio!<\/h2>\t\t\t\t<\/div>\n\t\t\t\t<\/div>\n\t\t\t\t<div class=\"elementor-element elementor-element-1b43b29 elementor-widget elementor-widget-text-editor\" data-id=\"1b43b29\" data-element_type=\"widget\" data-widget_type=\"text-editor.default\">\n\t\t\t\t<div class=\"elementor-widget-container\">\n\t\t\t\t\t\t\t\t\t<p><em>Confira <a href=\"https:\/\/cedrospousada.com.br\/web\/politicas\/\"><strong>Nossas Pol\u00edticas<\/strong><\/a> para mais detalhes.<\/em><\/p>\t\t\t\t\t\t\t\t<\/div>\n\t\t\t\t<\/div>\n\t\t\t\t\t<\/div>\n\t\t<\/div>\n\t\t\t\t\t<\/div>\n\t\t<\/section>\n\t\t\t\t<\/div>\n\t\t","protected":false},"excerpt":{"rendered":"<p>Pets Regras gerais Hospedagem pet Ser\u00e3o aceitos os de pequeno porte de at\u00e9 10 quilos e permitidos por lei; \u00c9 permitida a hospedagem de no m\u00e1ximo 02 animais por acomoda\u00e7\u00e3o; O respons\u00e1vel dever\u00e1 enviar o cart\u00e3o de vacinas atualizado no ato da reserva; N\u00e3o hospedamos animais com menos de 03 meses de vida; Oferecemos uma [&hellip;]<\/p>\n","protected":false},"author":1,"featured_media":0,"parent":0,"menu_order":3,"comment_status":"closed","ping_status":"closed","template":"elementor_header_footer","meta":{"ngg_post_thumbnail":0,"footnotes":""},"class_list":["post-50","page","type-page","status-publish","hentry"],"_links":{"self":[{"href":"https:\/\/cedrospousada.com.br\/web\/wp-json\/wp\/v2\/pages\/50","targetHints":{"allow":["GET"]}}],"collection":[{"href":"https:\/\/cedrospousada.com.br\/web\/wp-json\/wp\/v2\/pages"}],"about":[{"href":"https:\/\/cedrospousada.com.br\/web\/wp-json\/wp\/v2\/types\/page"}],"author":[{"embeddable":true,"href":"https:\/\/cedrospousada.com.br\/web\/wp-json\/wp\/v2\/users\/1"}],"replies":[{"embeddable":true,"href":"https:\/\/cedrospousada.com.br\/web\/wp-json\/wp\/v2\/comments?post=50"}],"version-history":[{"count":5,"href":"https:\/\/cedrospousada.com.br\/web\/wp-json\/wp\/v2\/pages\/50\/revisions"}],"predecessor-version":[{"id":1053,"href":"https:\/\/cedrospousada.com.br\/web\/wp-json\/wp\/v2\/pages\/50\/revisions\/1053"}],"wp:attachment":[{"href":"https:\/\/cedrospousada.com.br\/web\/wp-json\/wp\/v2\/media?parent=50"}],"curies":[{"name":"wp","href":"https:\/\/api.w.org\/{rel}","templated":true}]}}