{"id":40,"date":"2021-09-14T13:20:25","date_gmt":"2021-09-14T13:20:25","guid":{"rendered":"https:\/\/cedrospousada.com.br\/web\/?page_id=40"},"modified":"2022-05-29T13:45:37","modified_gmt":"2022-05-29T13:45:37","slug":"reservas","status":"publish","type":"page","link":"https:\/\/cedrospousada.com.br\/web\/reservas\/","title":{"rendered":"Reservas"},"content":{"rendered":"\t\t<div data-elementor-type=\"wp-page\" data-elementor-id=\"40\" class=\"elementor elementor-40\">\n\t\t\t\t\t\t<section class=\"elementor-section elementor-top-section elementor-element elementor-element-a1a4411 elementor-section-boxed elementor-section-height-default elementor-section-height-default\" data-id=\"a1a4411\" data-element_type=\"section\">\n\t\t\t\t\t\t<div class=\"elementor-container elementor-column-gap-default\">\n\t\t\t\t\t<div class=\"elementor-column elementor-col-100 elementor-top-column elementor-element elementor-element-6136776\" data-id=\"6136776\" data-element_type=\"column\">\n\t\t\t<div class=\"elementor-widget-wrap elementor-element-populated\">\n\t\t\t\t\t\t<div class=\"elementor-element elementor-element-a442a6c elementor-widget elementor-widget-page-title\" data-id=\"a442a6c\" data-element_type=\"widget\" data-widget_type=\"page-title.default\">\n\t\t\t\t<div class=\"elementor-widget-container\">\n\t\t\t\t\t\t\t\n\t\t<div class=\"hfe-page-title hfe-page-title-wrapper elementor-widget-heading\">\n\n\t\t\t\t\t\t\t\t\t\t\t<a href=\"https:\/\/cedrospousada.com.br\/web\">\n\t\t\t\t\t\t<h3 class=\"elementor-heading-title elementor-size-small\">\n\t\t\t\t\t\t\t\t\n\t\t\t\tReservas  \n\t\t\t<\/h3 > \n\t\t\t\t\t\t\t\t\t<\/a>\n\t\t\t\t\t<\/div>\n\t\t\t\t\t\t<\/div>\n\t\t\t\t<\/div>\n\t\t\t\t<div class=\"elementor-element elementor-element-0b778d9 elementor-widget-divider--view-line elementor-widget elementor-widget-divider\" data-id=\"0b778d9\" data-element_type=\"widget\" data-widget_type=\"divider.default\">\n\t\t\t\t<div class=\"elementor-widget-container\">\n\t\t\t\t\t\t\t<div class=\"elementor-divider\">\n\t\t\t<span class=\"elementor-divider-separator\">\n\t\t\t\t\t\t<\/span>\n\t\t<\/div>\n\t\t\t\t\t\t<\/div>\n\t\t\t\t<\/div>\n\t\t\t\t\t<\/div>\n\t\t<\/div>\n\t\t\t\t\t<\/div>\n\t\t<\/section>\n\t\t\t\t<section class=\"elementor-section elementor-top-section elementor-element elementor-element-8b14fc5 elementor-section-boxed elementor-section-height-default elementor-section-height-default\" data-id=\"8b14fc5\" data-element_type=\"section\" data-settings=\"{&quot;background_background&quot;:&quot;classic&quot;}\">\n\t\t\t\t\t\t<div class=\"elementor-container elementor-column-gap-default\">\n\t\t\t\t\t<div class=\"elementor-column elementor-col-100 elementor-top-column elementor-element elementor-element-30ee47c\" data-id=\"30ee47c\" data-element_type=\"column\" data-settings=\"{&quot;background_background&quot;:&quot;classic&quot;}\">\n\t\t\t<div class=\"elementor-widget-wrap elementor-element-populated\">\n\t\t\t\t\t\t<section class=\"elementor-section elementor-inner-section elementor-element elementor-element-af4b6da elementor-hidden-desktop elementor-hidden-tablet elementor-hidden-mobile elementor-section-boxed elementor-section-height-default elementor-section-height-default\" data-id=\"af4b6da\" data-element_type=\"section\">\n\t\t\t\t\t\t<div class=\"elementor-container elementor-column-gap-default\">\n\t\t\t\t\t<div class=\"elementor-column elementor-col-50 elementor-inner-column elementor-element elementor-element-a2b643a\" data-id=\"a2b643a\" data-element_type=\"column\">\n\t\t\t<div class=\"elementor-widget-wrap elementor-element-populated\">\n\t\t\t\t\t\t<div class=\"elementor-element elementor-element-aa7e81a elementor-widget elementor-widget-heading\" data-id=\"aa7e81a\" data-element_type=\"widget\" data-widget_type=\"heading.default\">\n\t\t\t\t<div class=\"elementor-widget-container\">\n\t\t\t\t\t<h2 class=\"elementor-heading-title elementor-size-default\">Fa\u00e7a aqui sua reserva<\/h2>\t\t\t\t<\/div>\n\t\t\t\t<\/div>\n\t\t\t\t<div class=\"elementor-element elementor-element-3774641 elementor-widget elementor-widget-text-editor\" data-id=\"3774641\" data-element_type=\"widget\" data-widget_type=\"text-editor.default\">\n\t\t\t\t<div class=\"elementor-widget-container\">\n\t\t\t\t\t\t\t\t\t<p>Preencha os dados solicitados e aguarde nosso contato para confirma\u00e7\u00e3o e mais detalhes.<\/p>\t\t\t\t\t\t\t\t<\/div>\n\t\t\t\t<\/div>\n\t\t\t\t<div class=\"elementor-element elementor-element-ea792b2 elementor-widget elementor-widget-image\" data-id=\"ea792b2\" data-element_type=\"widget\" data-widget_type=\"image.default\">\n\t\t\t\t<div class=\"elementor-widget-container\">\n\t\t\t\t\t\t\t\t\t\t\t\t\t\t\t<img fetchpriority=\"high\" decoding=\"async\" width=\"640\" height=\"640\" src=\"https:\/\/cedrospousada.com.br\/web\/wp-content\/uploads\/2021\/09\/WhatsApp-Image-2020-01-09-at-21.15.45.jpeg\" class=\"attachment-large size-large wp-image-572\" alt=\"\" srcset=\"https:\/\/cedrospousada.com.br\/web\/wp-content\/uploads\/2021\/09\/WhatsApp-Image-2020-01-09-at-21.15.45.jpeg 640w, https:\/\/cedrospousada.com.br\/web\/wp-content\/uploads\/2021\/09\/WhatsApp-Image-2020-01-09-at-21.15.45-300x300.jpeg 300w, https:\/\/cedrospousada.com.br\/web\/wp-content\/uploads\/2021\/09\/WhatsApp-Image-2020-01-09-at-21.15.45-150x150.jpeg 150w\" sizes=\"(max-width: 640px) 100vw, 640px\" \/>\t\t\t\t\t\t\t\t\t\t\t\t\t\t\t<\/div>\n\t\t\t\t<\/div>\n\t\t\t\t\t<\/div>\n\t\t<\/div>\n\t\t\t\t<div class=\"elementor-column elementor-col-50 elementor-inner-column elementor-element elementor-element-9d56072\" data-id=\"9d56072\" data-element_type=\"column\">\n\t\t\t<div class=\"elementor-widget-wrap elementor-element-populated\">\n\t\t\t\t\t\t<div class=\"elementor-element elementor-element-a21ff30 elementor-widget elementor-widget-shortcode\" data-id=\"a21ff30\" data-element_type=\"widget\" data-widget_type=\"shortcode.default\">\n\t\t\t\t<div class=\"elementor-widget-container\">\n\t\t\t\t\t\t\t<div class=\"elementor-shortcode\">[booking]<\/div>\n\t\t\t\t\t\t<\/div>\n\t\t\t\t<\/div>\n\t\t\t\t\t<\/div>\n\t\t<\/div>\n\t\t\t\t\t<\/div>\n\t\t<\/section>\n\t\t\t\t<div class=\"elementor-element elementor-element-aac83d4 elementor-widget elementor-widget-shortcode\" data-id=\"aac83d4\" data-element_type=\"widget\" data-widget_type=\"shortcode.default\">\n\t\t\t\t<div class=\"elementor-widget-container\">\n\t\t\t\t\t\t\t<div class=\"elementor-shortcode\">\n<div class=\"wpcf7 no-js\" id=\"wpcf7-f391-o1\" lang=\"pt-BR\" dir=\"ltr\" data-wpcf7-id=\"391\">\n<div class=\"screen-reader-response\"><p role=\"status\" aria-live=\"polite\" aria-atomic=\"true\"><\/p> <ul><\/ul><\/div>\n<form action=\"\/web\/wp-json\/wp\/v2\/pages\/40#wpcf7-f391-o1\" method=\"post\" class=\"wpcf7-form init\" aria-label=\"Formul\u00e1rios de contato\" novalidate=\"novalidate\" data-status=\"init\">\n<fieldset class=\"hidden-fields-container\"><input type=\"hidden\" name=\"_wpcf7\" value=\"391\" \/><input type=\"hidden\" name=\"_wpcf7_version\" value=\"6.1.4\" \/><input type=\"hidden\" name=\"_wpcf7_locale\" value=\"pt_BR\" \/><input type=\"hidden\" name=\"_wpcf7_unit_tag\" value=\"wpcf7-f391-o1\" \/><input type=\"hidden\" name=\"_wpcf7_container_post\" value=\"0\" \/><input type=\"hidden\" name=\"_wpcf7_posted_data_hash\" value=\"\" \/>\n<\/fieldset>\n<h3 style=\"margin-bottom:0px;padding-bottom:0px;\">Dados Gerais\n<\/h3>\n<div class=\"w3-row-padding\">\n\t<div class=\"w3-half\">\n\t\t<p><label class=\"w3-margin-top\">Seu nome e sobrenome<\/label><br \/>\n<span class=\"wpcf7-form-control-wrap\" data-name=\"text-Nome\"><input size=\"40\" maxlength=\"400\" class=\"wpcf7-form-control wpcf7-text wpcf7-validates-as-required w3-border-0\" aria-required=\"true\" aria-invalid=\"false\" placeholder=\"Nome e Sobrenome\" value=\"\" type=\"text\" name=\"text-Nome\" \/><\/span>\n\t\t<\/p>\n\t<\/div>\n\t<div class=\"w3-half\">\n\t\t<p><label class=\"w3-margin-top\"> Seu e-mail<\/label><br \/>\n<span class=\"wpcf7-form-control-wrap\" data-name=\"email-Mail\"><input size=\"40\" maxlength=\"400\" class=\"wpcf7-form-control wpcf7-email wpcf7-validates-as-required wpcf7-text wpcf7-validates-as-email w3-border-0\" aria-required=\"true\" aria-invalid=\"false\" placeholder=\"Digite corretamente seu e-mail\" value=\"\" type=\"email\" name=\"email-Mail\" \/><\/span>\n\t\t<\/p>\n\t<\/div>\n<\/div>\n<div class=\"w3-row-padding\">\n\t<div class=\"w3-half\">\n\t\t<p><label class=\"w3-margin-top\"> Telefone<\/label><br \/>\n<span class=\"wpcf7-form-control-wrap\" data-name=\"tel-Tel\"><input size=\"40\" maxlength=\"400\" class=\"wpcf7-form-control wpcf7-tel wpcf7-validates-as-required wpcf7-text wpcf7-validates-as-tel w3-border-0\" aria-required=\"true\" aria-invalid=\"false\" placeholder=\"Incluir DDD + N\u00ba Tel.\" value=\"\" type=\"tel\" name=\"tel-Tel\" \/><\/span>\n\t\t<\/p>\n\t<\/div>\n\t<div class=\"w3-half\">\n\t\t<p><label class=\"w3-margin-top\"> Acomoda\u00e7\u00f5es<\/label><br \/>\n<span class=\"wpcf7-form-control-wrap\" data-name=\"aptos-2\"><select class=\"wpcf7-form-control wpcf7-select wpcf7-validates-as-required w3-border-0\" aria-required=\"true\" aria-invalid=\"false\" name=\"aptos-2\"><option value=\"B\u00e1sico\">B\u00e1sico<\/option><option value=\"Superior\">Superior<\/option><\/select><\/span>\n\t\t<\/p>\n\t<\/div>\n<\/div>\n<div class=\"w3-row-padding\">\n\t<div class=\"w3-half\">\n\t\t<p><label class=\"w3-margin-top\"> N\u00ba de Adultos<\/label><br \/>\n<span class=\"wpcf7-form-control-wrap\" data-name=\"adultos-4\"><select class=\"wpcf7-form-control wpcf7-select wpcf7-validates-as-required w3-border-0\" aria-required=\"true\" aria-invalid=\"false\" name=\"adultos-4\"><option value=\"Escolha...\">Escolha...<\/option><option value=\"1\">1<\/option><option value=\"2\">2<\/option><option value=\"3\">3<\/option><option value=\"4\">4<\/option><\/select><\/span>\n\t\t<\/p>\n\t<\/div>\n\t<div class=\"w3-half\">\n\t\t<p><label class=\"w3-margin-top\"> N\u00ba de Crian\u00e7as<\/label><br \/>\n<span class=\"wpcf7-form-control-wrap\" data-name=\"criancas-4\"><select class=\"wpcf7-form-control wpcf7-select wpcf7-validates-as-required w3-border-0\" aria-required=\"true\" aria-invalid=\"false\" name=\"criancas-4\"><option value=\"Escolha...\">Escolha...<\/option><option value=\"1\">1<\/option><option value=\"2\">2<\/option><option value=\"3\">3<\/option><option value=\"4\">4<\/option><\/select><\/span>\n\t\t<\/p>\n\t<\/div>\n<\/div>\n<div class=\"w3-padding-large\">\n<\/div>\n<h3 style=\"margin-bottom:0px;padding-bottom:0px;\">Per\u00edodo Hospedagem\n<\/h3>\n<div class=\"w3-row-padding\">\n\t<div class=\"w3-half\">\n\t\t<p style=\"margin-bottom:0px;padding-bottom:0px;\" class=\"w3-margin-top\">Data de ENTRADA e hora\n\t\t<\/p>\n\t\t<p><span class=\"wpcf7-form-control-wrap\" data-name=\"text-inicio\"><input size=\"40\" maxlength=\"400\" class=\"wpcf7-form-control wpcf7-text wpcf7-validates-as-required w3-border-0 walcf7-datetimepicker\" aria-required=\"true\" aria-invalid=\"false\" placeholder=\"Dia e Hor\u00e1rio de sua chegada\" value=\"\" type=\"text\" name=\"text-inicio\" \/><\/span>\n\t\t<\/p>\n\t<\/div>\n\t<div class=\"w3-half\">\n\t\t<p style=\"margin-bottom:0px;padding-bottom:0px;\" class=\"w3-margin-top\">Data de SA\u00cdDA e hora\n\t\t<\/p>\n\t\t<p><span class=\"wpcf7-form-control-wrap\" data-name=\"text-termino\"><input size=\"40\" maxlength=\"400\" class=\"wpcf7-form-control wpcf7-text wpcf7-validates-as-required w3-border-0 walcf7-datetimepicker\" aria-required=\"true\" aria-invalid=\"false\" placeholder=\"Dia e Hor\u00e1rio de sua sa\u00edda\" value=\"\" type=\"text\" name=\"text-termino\" \/><\/span>\n\t\t<\/p>\n\t<\/div>\n<\/div>\n<div class=\"w3-row-padding\">\n\t<div>\n\t\t<p><label class=\"w3-margin-top\"> Menssagem<\/label><br \/>\n<span class=\"wpcf7-form-control-wrap\" data-name=\"textarea-Obs\"><textarea cols=\"40\" rows=\"10\" maxlength=\"2000\" class=\"wpcf7-form-control wpcf7-textarea w3-border-0\" aria-invalid=\"false\" placeholder=\"Deixe aqui suas observa\u00e7\u00f5es\" name=\"textarea-Obs\"><\/textarea><\/span>\n\t\t<\/p>\n\t<\/div>\n<\/div>\n<div class=\"w3-row-padding\">\n\t<div class=\"w3-left-align\">\n\t\t<p><input class=\"wpcf7-form-control wpcf7-submit has-spinner\" type=\"submit\" value=\"Enviar\" \/>\n\t\t<\/p>\n\t<\/div>\n<\/div><div class=\"wpcf7-response-output\" aria-hidden=\"true\"><\/div>\n<\/form>\n<\/div>\n<\/div>\n\t\t\t\t\t\t<\/div>\n\t\t\t\t<\/div>\n\t\t\t\t\t<\/div>\n\t\t<\/div>\n\t\t\t\t\t<\/div>\n\t\t<\/section>\n\t\t\t\t<\/div>\n\t\t","protected":false},"excerpt":{"rendered":"<p>Reservas Fa\u00e7a aqui sua reserva Preencha os dados solicitados e aguarde nosso contato para confirma\u00e7\u00e3o e mais detalhes. [booking]<\/p>\n","protected":false},"author":1,"featured_media":0,"parent":0,"menu_order":1,"comment_status":"closed","ping_status":"closed","template":"elementor_header_footer","meta":{"ngg_post_thumbnail":0,"footnotes":""},"class_list":["post-40","page","type-page","status-publish","hentry"],"_links":{"self":[{"href":"https:\/\/cedrospousada.com.br\/web\/wp-json\/wp\/v2\/pages\/40","targetHints":{"allow":["GET"]}}],"collection":[{"href":"https:\/\/cedrospousada.com.br\/web\/wp-json\/wp\/v2\/pages"}],"about":[{"href":"https:\/\/cedrospousada.com.br\/web\/wp-json\/wp\/v2\/types\/page"}],"author":[{"embeddable":true,"href":"https:\/\/cedrospousada.com.br\/web\/wp-json\/wp\/v2\/users\/1"}],"replies":[{"embeddable":true,"href":"https:\/\/cedrospousada.com.br\/web\/wp-json\/wp\/v2\/comments?post=40"}],"version-history":[{"count":5,"href":"https:\/\/cedrospousada.com.br\/web\/wp-json\/wp\/v2\/pages\/40\/revisions"}],"predecessor-version":[{"id":1094,"href":"https:\/\/cedrospousada.com.br\/web\/wp-json\/wp\/v2\/pages\/40\/revisions\/1094"}],"wp:attachment":[{"href":"https:\/\/cedrospousada.com.br\/web\/wp-json\/wp\/v2\/media?parent=40"}],"curies":[{"name":"wp","href":"https:\/\/api.w.org\/{rel}","templated":true}]}}