{"id":36,"date":"2021-09-14T13:18:40","date_gmt":"2021-09-14T13:18:40","guid":{"rendered":"https:\/\/cedrospousada.com.br\/web\/?page_id=36"},"modified":"2022-05-27T12:07:22","modified_gmt":"2022-05-27T12:07:22","slug":"capa","status":"publish","type":"page","link":"https:\/\/cedrospousada.com.br\/web\/","title":{"rendered":"Cedros Pousada"},"content":{"rendered":"\t\t<div data-elementor-type=\"wp-page\" data-elementor-id=\"36\" class=\"elementor elementor-36\">\n\t\t\t\t\t\t<section class=\"elementor-section elementor-top-section elementor-element elementor-element-34d03e1 elementor-section-height-min-height elementor-section-boxed elementor-section-height-default elementor-section-items-middle\" data-id=\"34d03e1\" data-element_type=\"section\" data-settings=\"{&quot;background_background&quot;:&quot;slideshow&quot;,&quot;background_slideshow_gallery&quot;:[{&quot;id&quot;:202,&quot;url&quot;:&quot;https:\\\/\\\/cedrospousada.com.br\\\/web\\\/wp-content\\\/uploads\\\/2021\\\/09\\\/carrossel-capa-picoalto.jpg&quot;},{&quot;id&quot;:201,&quot;url&quot;:&quot;https:\\\/\\\/cedrospousada.com.br\\\/web\\\/wp-content\\\/uploads\\\/2021\\\/09\\\/carrossel-capa-pousada.jpg&quot;}],&quot;background_slideshow_ken_burns&quot;:&quot;yes&quot;,&quot;background_slideshow_transition_duration&quot;:1000,&quot;background_slideshow_loop&quot;:&quot;yes&quot;,&quot;background_slideshow_slide_duration&quot;:5000,&quot;background_slideshow_slide_transition&quot;:&quot;fade&quot;,&quot;background_slideshow_ken_burns_zoom_direction&quot;:&quot;in&quot;}\">\n\t\t\t\t\t\t\t<div class=\"elementor-background-overlay\"><\/div>\n\t\t\t\t\t\t\t<div class=\"elementor-container elementor-column-gap-default\">\n\t\t\t\t\t<div class=\"elementor-column elementor-col-100 elementor-top-column elementor-element elementor-element-f867fa7\" data-id=\"f867fa7\" data-element_type=\"column\">\n\t\t\t<div class=\"elementor-widget-wrap elementor-element-populated\">\n\t\t\t\t\t\t<div class=\"elementor-element elementor-element-fc80dc9 elementor-widget elementor-widget-image\" data-id=\"fc80dc9\" data-element_type=\"widget\" data-widget_type=\"image.default\">\n\t\t\t\t<div class=\"elementor-widget-container\">\n\t\t\t\t\t\t\t\t\t\t\t\t\t\t\t<img fetchpriority=\"high\" decoding=\"async\" width=\"800\" height=\"266\" src=\"https:\/\/cedrospousada.com.br\/web\/wp-content\/uploads\/2021\/09\/horizontalBRANCO_PNG-1024x341.png\" class=\"attachment-large size-large wp-image-254\" alt=\"Logomarca Cedros Pousada\" srcset=\"https:\/\/cedrospousada.com.br\/web\/wp-content\/uploads\/2021\/09\/horizontalBRANCO_PNG-1024x341.png 1024w, https:\/\/cedrospousada.com.br\/web\/wp-content\/uploads\/2021\/09\/horizontalBRANCO_PNG-300x100.png 300w, https:\/\/cedrospousada.com.br\/web\/wp-content\/uploads\/2021\/09\/horizontalBRANCO_PNG-768x256.png 768w, https:\/\/cedrospousada.com.br\/web\/wp-content\/uploads\/2021\/09\/horizontalBRANCO_PNG-1536x512.png 1536w, https:\/\/cedrospousada.com.br\/web\/wp-content\/uploads\/2021\/09\/horizontalBRANCO_PNG-2048x683.png 2048w\" sizes=\"(max-width: 800px) 100vw, 800px\" \/>\t\t\t\t\t\t\t\t\t\t\t\t\t\t\t<\/div>\n\t\t\t\t<\/div>\n\t\t\t\t\t<\/div>\n\t\t<\/div>\n\t\t\t\t\t<\/div>\n\t\t<\/section>\n\t\t\t\t<section class=\"elementor-section elementor-top-section elementor-element elementor-element-3ee1c7b elementor-section-content-middle elementor-section-boxed elementor-section-height-default elementor-section-height-default\" data-id=\"3ee1c7b\" data-element_type=\"section\" data-settings=\"{&quot;background_background&quot;:&quot;classic&quot;}\">\n\t\t\t\t\t\t<div class=\"elementor-container elementor-column-gap-default\">\n\t\t\t\t\t<div class=\"elementor-column elementor-col-50 elementor-top-column elementor-element elementor-element-b90577c\" data-id=\"b90577c\" data-element_type=\"column\">\n\t\t\t<div class=\"elementor-widget-wrap elementor-element-populated\">\n\t\t\t\t\t\t<div class=\"elementor-element elementor-element-7458e39 elementor-widget elementor-widget-heading\" data-id=\"7458e39\" data-element_type=\"widget\" data-widget_type=\"heading.default\">\n\t\t\t\t<div class=\"elementor-widget-container\">\n\t\t\t\t\t<div class=\"elementor-heading-title elementor-size-default\">Pousada Cedros, Guaramiranga.<\/div>\t\t\t\t<\/div>\n\t\t\t\t<\/div>\n\t\t\t\t<div class=\"elementor-element elementor-element-673f1c3 elementor-widget elementor-widget-heading\" data-id=\"673f1c3\" data-element_type=\"widget\" data-widget_type=\"heading.default\">\n\t\t\t\t<div class=\"elementor-widget-container\">\n\t\t\t\t\t<h2 class=\"elementor-heading-title elementor-size-default\">O Que Oferecemos<\/h2>\t\t\t\t<\/div>\n\t\t\t\t<\/div>\n\t\t\t\t<div class=\"elementor-element elementor-element-98fd900 elementor-widget elementor-widget-text-editor\" data-id=\"98fd900\" data-element_type=\"widget\" data-widget_type=\"text-editor.default\">\n\t\t\t\t<div class=\"elementor-widget-container\">\n\t\t\t\t\t\t\t\t\t<p>Propomos um servi\u00e7o de hospedagem em uma localiza\u00e7\u00e3o privilegiada no centro de Guaramiranga.<\/p><p>Uma ampla \u00e1rea verde envolve a antiga casa de campo e seus anexos tornando o ambiente prop\u00edcio para quem busca quietude para atividades como leitura, medita\u00e7\u00e3o e contempla\u00e7\u00e3o da natureza sem deixar de estar pr\u00f3ximo dos atrativos que a cidade oferece como a pra\u00e7a do teatro, os restaurantes e a feirinha de artesanato.<\/p><p>Contamos com sua atitude ecol\u00f3gica, pois somos um empreendimento que pensa no futuro do planeta!<\/p>\t\t\t\t\t\t\t\t<\/div>\n\t\t\t\t<\/div>\n\t\t\t\t\t<\/div>\n\t\t<\/div>\n\t\t\t\t<div class=\"elementor-column elementor-col-50 elementor-top-column elementor-element elementor-element-047a210 elementor-invisible\" data-id=\"047a210\" data-element_type=\"column\" data-settings=\"{&quot;animation&quot;:&quot;fadeInRight&quot;}\">\n\t\t\t<div class=\"elementor-widget-wrap elementor-element-populated\">\n\t\t\t\t\t\t<div class=\"elementor-element elementor-element-2d93132 elementor-widget elementor-widget-image\" data-id=\"2d93132\" data-element_type=\"widget\" data-widget_type=\"image.default\">\n\t\t\t\t<div class=\"elementor-widget-container\">\n\t\t\t\t\t\t\t\t\t\t\t\t\t\t\t<img decoding=\"async\" width=\"777\" height=\"1000\" src=\"https:\/\/cedrospousada.com.br\/web\/wp-content\/uploads\/2021\/09\/img-ilust-1.png\" class=\"attachment-large size-large wp-image-187\" alt=\"Composi\u00e7\u00e3o\" srcset=\"https:\/\/cedrospousada.com.br\/web\/wp-content\/uploads\/2021\/09\/img-ilust-1.png 777w, https:\/\/cedrospousada.com.br\/web\/wp-content\/uploads\/2021\/09\/img-ilust-1-233x300.png 233w, https:\/\/cedrospousada.com.br\/web\/wp-content\/uploads\/2021\/09\/img-ilust-1-768x988.png 768w\" sizes=\"(max-width: 777px) 100vw, 777px\" \/>\t\t\t\t\t\t\t\t\t\t\t\t\t\t\t<\/div>\n\t\t\t\t<\/div>\n\t\t\t\t\t<\/div>\n\t\t<\/div>\n\t\t\t\t\t<\/div>\n\t\t<\/section>\n\t\t\t\t<section class=\"elementor-section elementor-top-section elementor-element elementor-element-d0639c5 elementor-section-height-min-height elementor-section-content-middle elementor-section-boxed elementor-section-height-default elementor-section-items-middle\" data-id=\"d0639c5\" data-element_type=\"section\" data-settings=\"{&quot;background_background&quot;:&quot;classic&quot;}\">\n\t\t\t\t\t\t<div class=\"elementor-container elementor-column-gap-default\">\n\t\t\t\t\t<div class=\"elementor-column elementor-col-100 elementor-top-column elementor-element elementor-element-c351b33\" data-id=\"c351b33\" data-element_type=\"column\">\n\t\t\t<div class=\"elementor-widget-wrap elementor-element-populated\">\n\t\t\t\t\t\t<div class=\"elementor-element elementor-element-d870fff elementor-widget elementor-widget-heading\" data-id=\"d870fff\" data-element_type=\"widget\" data-widget_type=\"heading.default\">\n\t\t\t\t<div class=\"elementor-widget-container\">\n\t\t\t\t\t<h2 class=\"elementor-heading-title elementor-size-default\">Na Cedros, seu passeio fica completo!<\/h2>\t\t\t\t<\/div>\n\t\t\t\t<\/div>\n\t\t\t\t\t<\/div>\n\t\t<\/div>\n\t\t\t\t\t<\/div>\n\t\t<\/section>\n\t\t\t\t<section class=\"elementor-section elementor-top-section elementor-element elementor-element-301c7ab elementor-section-height-min-height elementor-section-boxed elementor-section-height-default elementor-section-items-middle\" data-id=\"301c7ab\" data-element_type=\"section\" data-settings=\"{&quot;background_background&quot;:&quot;classic&quot;}\">\n\t\t\t\t\t\t<div class=\"elementor-container elementor-column-gap-default\">\n\t\t\t\t\t<div class=\"elementor-column elementor-col-50 elementor-top-column elementor-element elementor-element-0614961 elementor-invisible\" data-id=\"0614961\" data-element_type=\"column\" data-settings=\"{&quot;animation&quot;:&quot;slideInLeft&quot;,&quot;animation_delay&quot;:500}\">\n\t\t\t<div class=\"elementor-widget-wrap elementor-element-populated\">\n\t\t\t\t\t\t<div class=\"elementor-element elementor-element-71d54f6 elementor-position-top elementor-widget elementor-widget-image-box\" data-id=\"71d54f6\" data-element_type=\"widget\" data-widget_type=\"image-box.default\">\n\t\t\t\t<div class=\"elementor-widget-container\">\n\t\t\t\t\t<div class=\"elementor-image-box-wrapper\"><figure class=\"elementor-image-box-img\"><img decoding=\"async\" width=\"640\" height=\"640\" src=\"https:\/\/cedrospousada.com.br\/web\/wp-content\/uploads\/2021\/09\/Ambiente.jpg\" class=\"attachment-full size-full wp-image-235\" alt=\"\" srcset=\"https:\/\/cedrospousada.com.br\/web\/wp-content\/uploads\/2021\/09\/Ambiente.jpg 640w, https:\/\/cedrospousada.com.br\/web\/wp-content\/uploads\/2021\/09\/Ambiente-300x300.jpg 300w, https:\/\/cedrospousada.com.br\/web\/wp-content\/uploads\/2021\/09\/Ambiente-150x150.jpg 150w\" sizes=\"(max-width: 640px) 100vw, 640px\" \/><\/figure><div class=\"elementor-image-box-content\"><h3 class=\"elementor-image-box-title\">Ambiente Aconchegante<\/h3><\/div><\/div>\t\t\t\t<\/div>\n\t\t\t\t<\/div>\n\t\t\t\t\t<\/div>\n\t\t<\/div>\n\t\t\t\t<div class=\"elementor-column elementor-col-50 elementor-top-column elementor-element elementor-element-40d0d19 elementor-invisible\" data-id=\"40d0d19\" data-element_type=\"column\" data-settings=\"{&quot;animation&quot;:&quot;slideInRight&quot;,&quot;animation_delay&quot;:500}\">\n\t\t\t<div class=\"elementor-widget-wrap elementor-element-populated\">\n\t\t\t\t\t\t<div class=\"elementor-element elementor-element-ec16ab4 elementor-position-top elementor-widget elementor-widget-image-box\" data-id=\"ec16ab4\" data-element_type=\"widget\" data-widget_type=\"image-box.default\">\n\t\t\t\t<div class=\"elementor-widget-container\">\n\t\t\t\t\t<div class=\"elementor-image-box-wrapper\"><figure class=\"elementor-image-box-img\"><img loading=\"lazy\" decoding=\"async\" width=\"600\" height=\"600\" src=\"https:\/\/cedrospousada.com.br\/web\/wp-content\/uploads\/2021\/09\/QuartoSuperior.jpg\" class=\"attachment-full size-full wp-image-234\" alt=\"\" srcset=\"https:\/\/cedrospousada.com.br\/web\/wp-content\/uploads\/2021\/09\/QuartoSuperior.jpg 600w, https:\/\/cedrospousada.com.br\/web\/wp-content\/uploads\/2021\/09\/QuartoSuperior-300x300.jpg 300w, https:\/\/cedrospousada.com.br\/web\/wp-content\/uploads\/2021\/09\/QuartoSuperior-150x150.jpg 150w\" sizes=\"(max-width: 600px) 100vw, 600px\" \/><\/figure><div class=\"elementor-image-box-content\"><h3 class=\"elementor-image-box-title\">Su\u00edtes Confort\u00e1veis<\/h3><\/div><\/div>\t\t\t\t<\/div>\n\t\t\t\t<\/div>\n\t\t\t\t\t<\/div>\n\t\t<\/div>\n\t\t\t\t\t<\/div>\n\t\t<\/section>\n\t\t\t\t<section class=\"elementor-section elementor-top-section elementor-element elementor-element-5c39961 elementor-section-boxed elementor-section-height-default elementor-section-height-default\" data-id=\"5c39961\" data-element_type=\"section\">\n\t\t\t\t\t\t<div class=\"elementor-container elementor-column-gap-default\">\n\t\t\t\t\t<div class=\"elementor-column elementor-col-100 elementor-top-column elementor-element elementor-element-1d662e8\" data-id=\"1d662e8\" data-element_type=\"column\">\n\t\t\t<div class=\"elementor-widget-wrap elementor-element-populated\">\n\t\t\t\t\t\t<div class=\"elementor-element elementor-element-a743853 elementor-widget elementor-widget-menu-anchor\" data-id=\"a743853\" data-element_type=\"widget\" data-widget_type=\"menu-anchor.default\">\n\t\t\t\t<div class=\"elementor-widget-container\">\n\t\t\t\t\t\t\t<div class=\"elementor-menu-anchor\" id=\"localizacao\"><\/div>\n\t\t\t\t\t\t<\/div>\n\t\t\t\t<\/div>\n\t\t\t\t<div class=\"elementor-element elementor-element-5136463 elementor-widget elementor-widget-heading\" data-id=\"5136463\" data-element_type=\"widget\" data-widget_type=\"heading.default\">\n\t\t\t\t<div class=\"elementor-widget-container\">\n\t\t\t\t\t<div class=\"elementor-heading-title elementor-size-default\">Pertinho de tudo<\/div>\t\t\t\t<\/div>\n\t\t\t\t<\/div>\n\t\t\t\t<div class=\"elementor-element elementor-element-c2db083 elementor-widget elementor-widget-heading\" data-id=\"c2db083\" data-element_type=\"widget\" data-widget_type=\"heading.default\">\n\t\t\t\t<div class=\"elementor-widget-container\">\n\t\t\t\t\t<h2 class=\"elementor-heading-title elementor-size-default\">A melhor localiza\u00e7\u00e3o em Guaramiranga<\/h2>\t\t\t\t<\/div>\n\t\t\t\t<\/div>\n\t\t\t\t<div class=\"elementor-element elementor-element-2d207b0 elementor-widget elementor-widget-text-editor\" data-id=\"2d207b0\" data-element_type=\"widget\" data-widget_type=\"text-editor.default\">\n\t\t\t\t<div class=\"elementor-widget-container\">\n\t\t\t\t\t\t\t\t\t<p>Estamos no centro \u00e0 300 metros da pra\u00e7a principal de Guaramiranga e a 100 km da capital Fortaleza.<\/p><p>De \u00f4nibus e saindo do Terminal Rodovi\u00e1rio Jo\u00e3o Tom\u00e9 em Fortaleza, o transporte \u00e9 feito por &#8216;topic&#8217; (COOPTRATER) 85.99682-1621 com poucos hor\u00e1rios dispon\u00edveis.<\/p><p>De autom\u00f3vel, existem 4 acessos: por Baturit\u00e9 ou Pacoti ou Palm\u00e1cia ou Campos Belos.<\/p><p>Sugerimos percurso via CE 060 passando pelas cidades de Guaiuba \u2013 Reden\u00e7\u00e3o \u2013 Aracoiaba \u2013 Baturit\u00e9 e finalmente os 18 km de subida da Serra. Outro bom acesso \u00e9 pela BR 020 e CE 356 via Campos Belos.<\/p>\t\t\t\t\t\t\t\t<\/div>\n\t\t\t\t<\/div>\n\t\t\t\t\t<\/div>\n\t\t<\/div>\n\t\t\t\t\t<\/div>\n\t\t<\/section>\n\t\t\t\t<section class=\"elementor-section elementor-top-section elementor-element elementor-element-6d10994 elementor-section-boxed elementor-section-height-default elementor-section-height-default\" data-id=\"6d10994\" data-element_type=\"section\">\n\t\t\t\t\t\t<div class=\"elementor-container elementor-column-gap-default\">\n\t\t\t\t\t<div class=\"elementor-column elementor-col-50 elementor-top-column elementor-element elementor-element-266ee28\" data-id=\"266ee28\" data-element_type=\"column\">\n\t\t\t<div class=\"elementor-widget-wrap elementor-element-populated\">\n\t\t\t\t\t\t<div class=\"elementor-element elementor-element-5b61de3 elementor-widget elementor-widget-heading\" data-id=\"5b61de3\" data-element_type=\"widget\" data-widget_type=\"heading.default\">\n\t\t\t\t<div class=\"elementor-widget-container\">\n\t\t\t\t\t<h2 class=\"elementor-heading-title elementor-size-default\">Ao Nosso Redor<\/h2>\t\t\t\t<\/div>\n\t\t\t\t<\/div>\n\t\t\t\t<div class=\"elementor-element elementor-element-2f4af42 elementor-widget elementor-widget-text-editor\" data-id=\"2f4af42\" data-element_type=\"widget\" data-widget_type=\"text-editor.default\">\n\t\t\t\t<div class=\"elementor-widget-container\">\n\t\t\t\t\t\t\t\t\t<ul><li>Pra\u00e7a dos Restaurantes: 3 min. andando<\/li><li>Prefeitura Municipal: 1 min. andando<\/li><li>Caixa Eletr\u00f4nico: 4 min. andando<\/li><li>Farm\u00e1cia: 2 min. andando<\/li><li>Mercadinho e Padaria: 2 min. andando<\/li><li>Hospital Municipal: 3 min. andando<\/li><li>Teatro Raquel de Queiroz: 3 min. andando<\/li><li>Mosteiro dos Capuchinhos: 10 min. andando<\/li><li>Igreja Matriz: 4 min. andando<\/li><li>Parque das Trilhas: 5 min. andando<\/li><li>Pesqueiro de Guaramiranga: 4 min. andando<\/li><li>Pacoti: 7 km<\/li><li>Pico Alto: 12 km<\/li><li>Cachoeiras: 10 km<\/li><li>Linha da Serra e Est\u00e1tua de Nossa Senhora de F\u00e1tima: 15 km<\/li><\/ul>\t\t\t\t\t\t\t\t<\/div>\n\t\t\t\t<\/div>\n\t\t\t\t\t<\/div>\n\t\t<\/div>\n\t\t\t\t<div class=\"elementor-column elementor-col-50 elementor-top-column elementor-element elementor-element-90e85cf\" data-id=\"90e85cf\" data-element_type=\"column\">\n\t\t\t<div class=\"elementor-widget-wrap elementor-element-populated\">\n\t\t\t\t\t\t<div class=\"elementor-element elementor-element-c4789c6 elementor-widget elementor-widget-heading\" data-id=\"c4789c6\" data-element_type=\"widget\" data-widget_type=\"heading.default\">\n\t\t\t\t<div class=\"elementor-widget-container\">\n\t\t\t\t\t<h2 class=\"elementor-heading-title elementor-size-default\">A Cidade<\/h2>\t\t\t\t<\/div>\n\t\t\t\t<\/div>\n\t\t\t\t<div class=\"elementor-element elementor-element-1549288 elementor-widget elementor-widget-text-editor\" data-id=\"1549288\" data-element_type=\"widget\" data-widget_type=\"text-editor.default\">\n\t\t\t\t<div class=\"elementor-widget-container\">\n\t\t\t\t\t\t\t\t\t<p>Guaramiranga \u00e9 o menor munic\u00edpio do estado do Cear\u00e1 em \u00e1rea territorial, por\u00e9m no Maci\u00e7o de Baturit\u00e9 \u00e9 a cidade que mais atrai o turismo.<\/p><p>Encontra-se a 865 metros de altitude ao n\u00edvel do mar e possui temperatura que varia entre 16\u00baC e 28\u00baC.<\/p><p>No per\u00edodo de janeiro a junho as chuvas favorecem as cachoeiras e a serra fica ainda mais verde tornando-se um b\u00e1lsamo para quem gosta de apreciar a natureza.<\/p><p>Na regi\u00e3o h\u00e1 produ\u00e7\u00e3o de alimentos org\u00e2nicos como o nosso salutar caf\u00e9 sombreado.<\/p><p>O artesanato local \u00e9 diversificado e rico em material disponibilizado pela pr\u00f3pria natureza. N\u00e3o deixe de visitar o centro de artesanato.<\/p><p>Importante informar que na cidade ainda n\u00e3o h\u00e1 posto de combust\u00edvel e ag\u00eancias banc\u00e1rias.<\/p>\t\t\t\t\t\t\t\t<\/div>\n\t\t\t\t<\/div>\n\t\t\t\t\t<\/div>\n\t\t<\/div>\n\t\t\t\t\t<\/div>\n\t\t<\/section>\n\t\t\t\t<\/div>\n\t\t","protected":false},"excerpt":{"rendered":"<p>Pousada Cedros, Guaramiranga. O Que Oferecemos Propomos um servi\u00e7o de hospedagem em uma localiza\u00e7\u00e3o privilegiada no centro de Guaramiranga. Uma ampla \u00e1rea verde envolve a antiga casa de campo e seus anexos tornando o ambiente prop\u00edcio para quem busca quietude para atividades como leitura, medita\u00e7\u00e3o e contempla\u00e7\u00e3o da natureza sem deixar de estar pr\u00f3ximo dos [&hellip;]<\/p>\n","protected":false},"author":1,"featured_media":0,"parent":0,"menu_order":0,"comment_status":"closed","ping_status":"closed","template":"elementor_header_footer","meta":{"ngg_post_thumbnail":0,"footnotes":""},"class_list":["post-36","page","type-page","status-publish","hentry"],"_links":{"self":[{"href":"https:\/\/cedrospousada.com.br\/web\/wp-json\/wp\/v2\/pages\/36","targetHints":{"allow":["GET"]}}],"collection":[{"href":"https:\/\/cedrospousada.com.br\/web\/wp-json\/wp\/v2\/pages"}],"about":[{"href":"https:\/\/cedrospousada.com.br\/web\/wp-json\/wp\/v2\/types\/page"}],"author":[{"embeddable":true,"href":"https:\/\/cedrospousada.com.br\/web\/wp-json\/wp\/v2\/users\/1"}],"replies":[{"embeddable":true,"href":"https:\/\/cedrospousada.com.br\/web\/wp-json\/wp\/v2\/comments?post=36"}],"version-history":[{"count":5,"href":"https:\/\/cedrospousada.com.br\/web\/wp-json\/wp\/v2\/pages\/36\/revisions"}],"predecessor-version":[{"id":1036,"href":"https:\/\/cedrospousada.com.br\/web\/wp-json\/wp\/v2\/pages\/36\/revisions\/1036"}],"wp:attachment":[{"href":"https:\/\/cedrospousada.com.br\/web\/wp-json\/wp\/v2\/media?parent=36"}],"curies":[{"name":"wp","href":"https:\/\/api.w.org\/{rel}","templated":true}]}}